{"id":300,"date":"2020-11-13T20:29:26","date_gmt":"2020-11-13T19:29:26","guid":{"rendered":"http:\/\/www.stephanielehu.com\/?page_id=300"},"modified":"2020-11-13T22:39:44","modified_gmt":"2020-11-13T21:39:44","slug":"la-belle-indifference","status":"publish","type":"page","link":"https:\/\/www.stephanielehu.com\/index.php\/portfolio\/experimentations\/la-belle-indifference\/","title":{"rendered":"La Belle indiff\u00e9rence"},"content":{"rendered":"<h4 style=\"text-align: center;\">Photographies num\u00e9riques, 2011<\/h4>\n<blockquote>\n<h6 style=\"text-align: center;\">Dans le vocabulaire psychiatrique, \u00ab\u00a0la belle indiff\u00e9rence\u00a0\u00bb d\u00e9signe l&rsquo;insensibilit\u00e9 ou l&rsquo;insouciance de l&rsquo;hyst\u00e9rique.<\/h6>\n<\/blockquote>\n<p>&nbsp;<\/p>\n<style type=\"text\/css\">\n#foogallery-gallery-298.fg-masonry { --fg-gutter: 10px; }<\/style>\n\t\t\t<div class=\"foogallery foogallery-container foogallery-masonry foogallery-lightbox-foobox fg-center fg-masonry fg-ready fg-light fg-loading-default fg-loaded-fade-in fg-captions-bottom fg-hover-fade fg-hover-plus fg-col2\" id=\"foogallery-gallery-298\" data-foogallery=\"{&quot;item&quot;:{&quot;showCaptionTitle&quot;:true,&quot;showCaptionDescription&quot;:true},&quot;lazy&quot;:true}\" style=\"--fg-title-line-clamp: 0; --fg-description-line-clamp: 0;\" >\n\t\t<div class=\"fg-column-width\"><\/div>\n\t<div class=\"fg-gutter-width\"><\/div>\n\t\t<div class=\"fg-item fg-type-image fg-idle\"><figure class=\"fg-item-inner\"><a href=\"https:\/\/www.stephanielehu.com\/wp-content\/uploads\/2020\/11\/St\u00e9phanie-Lehu-Crise-hyst\u00e9rique-9.jpg\" data-attachment-id=\"192\" data-type=\"image\" class=\"fg-thumb\"><span class=\"fg-image-wrap\"><img fetchpriority=\"high\" decoding=\"async\" width=\"360\" height=\"239\" class=\"skip-lazy fg-image\" data-src-fg=\"https:\/\/www.stephanielehu.com\/wp-content\/uploads\/cache\/2020\/11\/St\u00e9phanie-Lehu-Crise-hyst\u00e9rique-9\/113966670.jpg\" data-srcset-fg=\"https:\/\/www.stephanielehu.com\/wp-content\/uploads\/cache\/2020\/11\/St\u00e9phanie-Lehu-Crise-hyst\u00e9rique-9\/-1894032548.jpg 2x\" src=\"data:image\/svg+xml,%3Csvg%20xmlns%3D%22http%3A%2F%2Fwww.w3.org%2F2000%2Fsvg%22%20width%3D%22360%22%20height%3D%22239%22%20viewBox%3D%220%200%20360%20239%22%3E%3C%2Fsvg%3E\" loading=\"eager\"><\/span><span class=\"fg-image-overlay\"><\/span><\/a><\/figure><div class=\"fg-loader\"><\/div><\/div><div class=\"fg-item fg-type-image fg-idle\"><figure class=\"fg-item-inner\"><a href=\"https:\/\/www.stephanielehu.com\/wp-content\/uploads\/2020\/11\/St\u00e9phanie-Lehu-Crise-hyst\u00e9rique-8.jpg\" data-attachment-id=\"191\" data-type=\"image\" class=\"fg-thumb\"><span class=\"fg-image-wrap\"><img decoding=\"async\" width=\"360\" height=\"239\" class=\"skip-lazy fg-image\" data-src-fg=\"https:\/\/www.stephanielehu.com\/wp-content\/uploads\/cache\/2020\/11\/St\u00e9phanie-Lehu-Crise-hyst\u00e9rique-8\/1588020523.jpg\" data-srcset-fg=\"https:\/\/www.stephanielehu.com\/wp-content\/uploads\/cache\/2020\/11\/St\u00e9phanie-Lehu-Crise-hyst\u00e9rique-8\/-680075207.jpg 2x\" src=\"data:image\/svg+xml,%3Csvg%20xmlns%3D%22http%3A%2F%2Fwww.w3.org%2F2000%2Fsvg%22%20width%3D%22360%22%20height%3D%22239%22%20viewBox%3D%220%200%20360%20239%22%3E%3C%2Fsvg%3E\" loading=\"eager\"><\/span><span class=\"fg-image-overlay\"><\/span><\/a><\/figure><div class=\"fg-loader\"><\/div><\/div><div class=\"fg-item fg-type-image fg-idle\"><figure class=\"fg-item-inner\"><a href=\"https:\/\/www.stephanielehu.com\/wp-content\/uploads\/2020\/11\/St\u00e9phanie-Lehu-Crise-hyst\u00e9rique-7.jpg\" data-attachment-id=\"190\" data-type=\"image\" class=\"fg-thumb\"><span class=\"fg-image-wrap\"><img decoding=\"async\" width=\"360\" height=\"239\" class=\"skip-lazy fg-image\" data-src-fg=\"https:\/\/www.stephanielehu.com\/wp-content\/uploads\/cache\/2020\/11\/St\u00e9phanie-Lehu-Crise-hyst\u00e9rique-7\/1122681617.jpg\" data-srcset-fg=\"https:\/\/www.stephanielehu.com\/wp-content\/uploads\/cache\/2020\/11\/St\u00e9phanie-Lehu-Crise-hyst\u00e9rique-7\/-885299709.jpg 2x\" src=\"data:image\/svg+xml,%3Csvg%20xmlns%3D%22http%3A%2F%2Fwww.w3.org%2F2000%2Fsvg%22%20width%3D%22360%22%20height%3D%22239%22%20viewBox%3D%220%200%20360%20239%22%3E%3C%2Fsvg%3E\" loading=\"eager\"><\/span><span class=\"fg-image-overlay\"><\/span><\/a><\/figure><div class=\"fg-loader\"><\/div><\/div><div class=\"fg-item fg-type-image fg-idle\"><figure class=\"fg-item-inner\"><a href=\"https:\/\/www.stephanielehu.com\/wp-content\/uploads\/2020\/11\/St\u00e9phanie-Lehu-Crise-hyst\u00e9rique-6.jpg\" data-attachment-id=\"189\" data-type=\"image\" class=\"fg-thumb\"><span class=\"fg-image-wrap\"><img decoding=\"async\" width=\"360\" height=\"239\" class=\"skip-lazy fg-image\" data-src-fg=\"https:\/\/www.stephanielehu.com\/wp-content\/uploads\/cache\/2020\/11\/St\u00e9phanie-Lehu-Crise-hyst\u00e9rique-6\/-815941879.jpg\" data-srcset-fg=\"https:\/\/www.stephanielehu.com\/wp-content\/uploads\/cache\/2020\/11\/St\u00e9phanie-Lehu-Crise-hyst\u00e9rique-6\/1183584795.jpg 2x\" src=\"data:image\/svg+xml,%3Csvg%20xmlns%3D%22http%3A%2F%2Fwww.w3.org%2F2000%2Fsvg%22%20width%3D%22360%22%20height%3D%22239%22%20viewBox%3D%220%200%20360%20239%22%3E%3C%2Fsvg%3E\" loading=\"eager\"><\/span><span class=\"fg-image-overlay\"><\/span><\/a><\/figure><div class=\"fg-loader\"><\/div><\/div><div class=\"fg-item fg-type-image fg-idle\"><figure class=\"fg-item-inner\"><a href=\"https:\/\/www.stephanielehu.com\/wp-content\/uploads\/2020\/11\/St\u00e9phanie-Lehu-Crise-hyst\u00e9rique-5.jpg\" data-attachment-id=\"188\" data-type=\"image\" class=\"fg-thumb\"><span class=\"fg-image-wrap\"><img decoding=\"async\" width=\"360\" height=\"239\" class=\"skip-lazy fg-image\" data-src-fg=\"https:\/\/www.stephanielehu.com\/wp-content\/uploads\/cache\/2020\/11\/St\u00e9phanie-Lehu-Crise-hyst\u00e9rique-5\/-2067848068.jpg\" data-srcset-fg=\"https:\/\/www.stephanielehu.com\/wp-content\/uploads\/cache\/2020\/11\/St\u00e9phanie-Lehu-Crise-hyst\u00e9rique-5\/225345902.jpg 2x\" src=\"data:image\/svg+xml,%3Csvg%20xmlns%3D%22http%3A%2F%2Fwww.w3.org%2F2000%2Fsvg%22%20width%3D%22360%22%20height%3D%22239%22%20viewBox%3D%220%200%20360%20239%22%3E%3C%2Fsvg%3E\" loading=\"eager\"><\/span><span class=\"fg-image-overlay\"><\/span><\/a><\/figure><div class=\"fg-loader\"><\/div><\/div><div class=\"fg-item fg-type-image fg-idle\"><figure class=\"fg-item-inner\"><a href=\"https:\/\/www.stephanielehu.com\/wp-content\/uploads\/2020\/11\/St\u00e9phanie-Lehu-Crise-hyst\u00e9rique-4.jpg\" data-attachment-id=\"187\" data-type=\"image\" class=\"fg-thumb\"><span class=\"fg-image-wrap\"><img decoding=\"async\" width=\"360\" height=\"239\" class=\"skip-lazy fg-image\" data-src-fg=\"https:\/\/www.stephanielehu.com\/wp-content\/uploads\/cache\/2020\/11\/St\u00e9phanie-Lehu-Crise-hyst\u00e9rique-4\/-497059274.jpg\" data-srcset-fg=\"https:\/\/www.stephanielehu.com\/wp-content\/uploads\/cache\/2020\/11\/St\u00e9phanie-Lehu-Crise-hyst\u00e9rique-4\/1804525348.jpg 2x\" src=\"data:image\/svg+xml,%3Csvg%20xmlns%3D%22http%3A%2F%2Fwww.w3.org%2F2000%2Fsvg%22%20width%3D%22360%22%20height%3D%22239%22%20viewBox%3D%220%200%20360%20239%22%3E%3C%2Fsvg%3E\" loading=\"eager\"><\/span><span class=\"fg-image-overlay\"><\/span><\/a><\/figure><div class=\"fg-loader\"><\/div><\/div><div class=\"fg-item fg-type-image fg-idle\"><figure class=\"fg-item-inner\"><a href=\"https:\/\/www.stephanielehu.com\/wp-content\/uploads\/2020\/11\/St\u00e9phanie-Lehu-Crise-hyst\u00e9rique-3.jpg\" data-attachment-id=\"186\" data-type=\"image\" class=\"fg-thumb\"><span class=\"fg-image-wrap\"><img decoding=\"async\" width=\"360\" height=\"239\" class=\"skip-lazy fg-image\" data-src-fg=\"https:\/\/www.stephanielehu.com\/wp-content\/uploads\/cache\/2020\/11\/St\u00e9phanie-Lehu-Crise-hyst\u00e9rique-3\/771221433.jpg\" data-srcset-fg=\"https:\/\/www.stephanielehu.com\/wp-content\/uploads\/cache\/2020\/11\/St\u00e9phanie-Lehu-Crise-hyst\u00e9rique-3\/-1540996437.jpg 2x\" src=\"data:image\/svg+xml,%3Csvg%20xmlns%3D%22http%3A%2F%2Fwww.w3.org%2F2000%2Fsvg%22%20width%3D%22360%22%20height%3D%22239%22%20viewBox%3D%220%200%20360%20239%22%3E%3C%2Fsvg%3E\" loading=\"eager\"><\/span><span class=\"fg-image-overlay\"><\/span><\/a><\/figure><div class=\"fg-loader\"><\/div><\/div><div class=\"fg-item fg-type-image fg-idle\"><figure class=\"fg-item-inner\"><a href=\"https:\/\/www.stephanielehu.com\/wp-content\/uploads\/2020\/11\/St\u00e9phanie-Lehu-Crise-hyst\u00e9rique-2.jpg\" data-attachment-id=\"185\" data-type=\"image\" class=\"fg-thumb\"><span class=\"fg-image-wrap\"><img decoding=\"async\" width=\"360\" height=\"239\" class=\"skip-lazy fg-image\" data-src-fg=\"https:\/\/www.stephanielehu.com\/wp-content\/uploads\/cache\/2020\/11\/St\u00e9phanie-Lehu-Crise-hyst\u00e9rique-2\/1973050588.jpg\" data-srcset-fg=\"https:\/\/www.stephanielehu.com\/wp-content\/uploads\/cache\/2020\/11\/St\u00e9phanie-Lehu-Crise-hyst\u00e9rique-2\/-62129714.jpg 2x\" src=\"data:image\/svg+xml,%3Csvg%20xmlns%3D%22http%3A%2F%2Fwww.w3.org%2F2000%2Fsvg%22%20width%3D%22360%22%20height%3D%22239%22%20viewBox%3D%220%200%20360%20239%22%3E%3C%2Fsvg%3E\" loading=\"eager\"><\/span><span class=\"fg-image-overlay\"><\/span><\/a><\/figure><div class=\"fg-loader\"><\/div><\/div><div class=\"fg-item fg-type-image fg-idle\"><figure class=\"fg-item-inner\"><a href=\"https:\/\/www.stephanielehu.com\/wp-content\/uploads\/2020\/11\/St\u00e9phanie-Lehu-Crise-hyst\u00e9rique-1.jpg\" data-attachment-id=\"184\" data-type=\"image\" class=\"fg-thumb\"><span class=\"fg-image-wrap\"><img decoding=\"async\" width=\"360\" height=\"239\" class=\"skip-lazy fg-image\" data-src-fg=\"https:\/\/www.stephanielehu.com\/wp-content\/uploads\/cache\/2020\/11\/St\u00e9phanie-Lehu-Crise-hyst\u00e9rique-1\/1048104873.jpg\" data-srcset-fg=\"https:\/\/www.stephanielehu.com\/wp-content\/uploads\/cache\/2020\/11\/St\u00e9phanie-Lehu-Crise-hyst\u00e9rique-1\/-1213633861.jpg 2x\" src=\"data:image\/svg+xml,%3Csvg%20xmlns%3D%22http%3A%2F%2Fwww.w3.org%2F2000%2Fsvg%22%20width%3D%22360%22%20height%3D%22239%22%20viewBox%3D%220%200%20360%20239%22%3E%3C%2Fsvg%3E\" loading=\"eager\"><\/span><span class=\"fg-image-overlay\"><\/span><\/a><\/figure><div class=\"fg-loader\"><\/div><\/div><div class=\"fg-item fg-type-image fg-idle\"><figure class=\"fg-item-inner\"><a href=\"https:\/\/www.stephanielehu.com\/wp-content\/uploads\/2020\/11\/St\u00e9phanie-Lehu-Crise-hyst\u00e9rique-10.jpg\" data-attachment-id=\"183\" data-type=\"image\" class=\"fg-thumb\"><span class=\"fg-image-wrap\"><img decoding=\"async\" width=\"360\" height=\"239\" class=\"skip-lazy fg-image\" data-src-fg=\"https:\/\/www.stephanielehu.com\/wp-content\/uploads\/cache\/2020\/11\/St\u00e9phanie-Lehu-Crise-hyst\u00e9rique-10\/-539111858.jpg\" data-srcset-fg=\"https:\/\/www.stephanielehu.com\/wp-content\/uploads\/cache\/2020\/11\/St\u00e9phanie-Lehu-Crise-hyst\u00e9rique-10\/753757859.jpg 2x\" src=\"data:image\/svg+xml,%3Csvg%20xmlns%3D%22http%3A%2F%2Fwww.w3.org%2F2000%2Fsvg%22%20width%3D%22360%22%20height%3D%22239%22%20viewBox%3D%220%200%20360%20239%22%3E%3C%2Fsvg%3E\" loading=\"eager\"><\/span><span class=\"fg-image-overlay\"><\/span><\/a><\/figure><div class=\"fg-loader\"><\/div><\/div><\/div>\n","protected":false},"excerpt":{"rendered":"<p>Photographies num\u00e9riques, 2011 Dans le vocabulaire psychiatrique, \u00ab\u00a0la belle indiff\u00e9rence\u00a0\u00bb d\u00e9signe l&rsquo;insensibilit\u00e9 ou l&rsquo;insouciance de l&rsquo;hyst\u00e9rique. &nbsp;<\/p>\n","protected":false},"author":1,"featured_media":0,"parent":75,"menu_order":0,"comment_status":"closed","ping_status":"closed","template":"","meta":{"footnotes":""},"class_list":["post-300","page","type-page","status-publish","hentry"],"_links":{"self":[{"href":"https:\/\/www.stephanielehu.com\/index.php\/wp-json\/wp\/v2\/pages\/300","targetHints":{"allow":["GET"]}}],"collection":[{"href":"https:\/\/www.stephanielehu.com\/index.php\/wp-json\/wp\/v2\/pages"}],"about":[{"href":"https:\/\/www.stephanielehu.com\/index.php\/wp-json\/wp\/v2\/types\/page"}],"author":[{"embeddable":true,"href":"https:\/\/www.stephanielehu.com\/index.php\/wp-json\/wp\/v2\/users\/1"}],"replies":[{"embeddable":true,"href":"https:\/\/www.stephanielehu.com\/index.php\/wp-json\/wp\/v2\/comments?post=300"}],"version-history":[{"count":3,"href":"https:\/\/www.stephanielehu.com\/index.php\/wp-json\/wp\/v2\/pages\/300\/revisions"}],"predecessor-version":[{"id":327,"href":"https:\/\/www.stephanielehu.com\/index.php\/wp-json\/wp\/v2\/pages\/300\/revisions\/327"}],"up":[{"embeddable":true,"href":"https:\/\/www.stephanielehu.com\/index.php\/wp-json\/wp\/v2\/pages\/75"}],"wp:attachment":[{"href":"https:\/\/www.stephanielehu.com\/index.php\/wp-json\/wp\/v2\/media?parent=300"}],"curies":[{"name":"wp","href":"https:\/\/api.w.org\/{rel}","templated":true}]}}