{"id":305,"date":"2020-11-13T21:10:02","date_gmt":"2020-11-13T20:10:02","guid":{"rendered":"http:\/\/www.stephanielehu.com\/?page_id=305"},"modified":"2020-11-21T21:35:14","modified_gmt":"2020-11-21T20:35:14","slug":"le-bruit-marrivait-comme-les-vagues-de-la-mer","status":"publish","type":"page","link":"https:\/\/www.stephanielehu.com\/index.php\/portfolio\/experimentations\/le-bruit-marrivait-comme-les-vagues-de-la-mer\/","title":{"rendered":"Le bruit m&rsquo;arrivait comme les vagues de la mer"},"content":{"rendered":"<h4 style=\"text-align: center;\">Photographies num\u00e9riques + textes, 2013<\/h4>\n<blockquote>\n<h6 style=\"text-align: center;\">Les images de cette s\u00e9rie ont \u00e9t\u00e9 r\u00e9alis\u00e9es dans le cadre d&rsquo;une performance en collaboration avec Naomi Osorio Galan, danseuse.<\/h6>\n<h6 style=\"text-align: center;\">Les textes qui y sont associ\u00e9s sont les t\u00e9moignages de Madeleine, patiente intern\u00e9e \u00e0 l&rsquo;H\u00f4pital de la Salp\u00eatri\u00e8re \u00e0 la fin du 19\u00e8me si\u00e8cle.<\/h6>\n<\/blockquote>\n<p>&nbsp;<\/p>\n<style type=\"text\/css\">\n#foogallery-gallery-303.fg-masonry .fg-item { width: 240px; }\n#foogallery-gallery-303.fg-masonry { --fg-gutter: 10px; }<\/style>\n\t\t\t<div class=\"foogallery foogallery-container foogallery-masonry foogallery-lightbox-foobox fg-center fg-masonry fg-ready fg-light fg-loading-default fg-loaded-fade-in fg-captions-bottom fg-hover-fade fg-hover-plus fg-fixed\" id=\"foogallery-gallery-303\" data-foogallery=\"{&quot;item&quot;:{&quot;showCaptionTitle&quot;:true,&quot;showCaptionDescription&quot;:true},&quot;lazy&quot;:true,&quot;template&quot;:{&quot;columnWidth&quot;:240,&quot;gutter&quot;:10}}\" style=\"--fg-title-line-clamp: 0; --fg-description-line-clamp: 0;\" >\n\t\t<div class=\"fg-item fg-type-image fg-idle\"><figure class=\"fg-item-inner\"><a href=\"https:\/\/www.stephanielehu.com\/wp-content\/uploads\/2020\/11\/Salp\u00e9tri\u00e9re10.jpg\" data-attachment-id=\"351\" data-type=\"image\" class=\"fg-thumb\"><span class=\"fg-image-wrap\"><img fetchpriority=\"high\" decoding=\"async\" width=\"240\" height=\"356\" class=\"skip-lazy fg-image\" data-src-fg=\"https:\/\/www.stephanielehu.com\/wp-content\/uploads\/cache\/2020\/11\/Salp\u00e9tri\u00e9re10\/-2126789125.jpg\" data-srcset-fg=\"https:\/\/www.stephanielehu.com\/wp-content\/uploads\/cache\/2020\/11\/Salp\u00e9tri\u00e9re10\/-1785971216.jpg 2x\" src=\"data:image\/svg+xml,%3Csvg%20xmlns%3D%22http%3A%2F%2Fwww.w3.org%2F2000%2Fsvg%22%20width%3D%22240%22%20height%3D%22356%22%20viewBox%3D%220%200%20240%20356%22%3E%3C%2Fsvg%3E\" loading=\"eager\"><\/span><span class=\"fg-image-overlay\"><\/span><\/a><\/figure><div class=\"fg-loader\"><\/div><\/div><div class=\"fg-item fg-type-image fg-idle\"><figure class=\"fg-item-inner\"><a href=\"https:\/\/www.stephanielehu.com\/wp-content\/uploads\/2020\/11\/Salp\u00e9tri\u00e9re9.jpg\" data-attachment-id=\"350\" data-type=\"image\" class=\"fg-thumb\"><span class=\"fg-image-wrap\"><img decoding=\"async\" width=\"240\" height=\"356\" class=\"skip-lazy fg-image\" data-src-fg=\"https:\/\/www.stephanielehu.com\/wp-content\/uploads\/cache\/2020\/11\/Salp\u00e9tri\u00e9re9\/-1521773200.jpg\" data-srcset-fg=\"https:\/\/www.stephanielehu.com\/wp-content\/uploads\/cache\/2020\/11\/Salp\u00e9tri\u00e9re9\/334483820.jpg 2x\" src=\"data:image\/svg+xml,%3Csvg%20xmlns%3D%22http%3A%2F%2Fwww.w3.org%2F2000%2Fsvg%22%20width%3D%22240%22%20height%3D%22356%22%20viewBox%3D%220%200%20240%20356%22%3E%3C%2Fsvg%3E\" loading=\"eager\"><\/span><span class=\"fg-image-overlay\"><\/span><\/a><\/figure><div class=\"fg-loader\"><\/div><\/div><div class=\"fg-item fg-type-image fg-idle\"><figure class=\"fg-item-inner\"><a href=\"https:\/\/www.stephanielehu.com\/wp-content\/uploads\/2020\/11\/Salp\u00e9tri\u00e9re8.jpg\" data-attachment-id=\"349\" data-type=\"image\" class=\"fg-thumb\"><span class=\"fg-image-wrap\"><img decoding=\"async\" width=\"240\" height=\"356\" class=\"skip-lazy fg-image\" data-src-fg=\"https:\/\/www.stephanielehu.com\/wp-content\/uploads\/cache\/2020\/11\/Salp\u00e9tri\u00e9re8\/1220467151.jpg\" data-srcset-fg=\"https:\/\/www.stephanielehu.com\/wp-content\/uploads\/cache\/2020\/11\/Salp\u00e9tri\u00e9re8\/-31810093.jpg 2x\" src=\"data:image\/svg+xml,%3Csvg%20xmlns%3D%22http%3A%2F%2Fwww.w3.org%2F2000%2Fsvg%22%20width%3D%22240%22%20height%3D%22356%22%20viewBox%3D%220%200%20240%20356%22%3E%3C%2Fsvg%3E\" loading=\"eager\"><\/span><span class=\"fg-image-overlay\"><\/span><\/a><\/figure><div class=\"fg-loader\"><\/div><\/div><div class=\"fg-item fg-type-image fg-idle\"><figure class=\"fg-item-inner\"><a href=\"https:\/\/www.stephanielehu.com\/wp-content\/uploads\/2020\/11\/Salp\u00e9tri\u00e9re7.jpg\" data-attachment-id=\"348\" data-type=\"image\" class=\"fg-thumb\"><span class=\"fg-image-wrap\"><img decoding=\"async\" width=\"240\" height=\"356\" class=\"skip-lazy fg-image\" data-src-fg=\"https:\/\/www.stephanielehu.com\/wp-content\/uploads\/cache\/2020\/11\/Salp\u00e9tri\u00e9re7\/-170254905.jpg\" data-srcset-fg=\"https:\/\/www.stephanielehu.com\/wp-content\/uploads\/cache\/2020\/11\/Salp\u00e9tri\u00e9re7\/1132354011.jpg 2x\" src=\"data:image\/svg+xml,%3Csvg%20xmlns%3D%22http%3A%2F%2Fwww.w3.org%2F2000%2Fsvg%22%20width%3D%22240%22%20height%3D%22356%22%20viewBox%3D%220%200%20240%20356%22%3E%3C%2Fsvg%3E\" loading=\"eager\"><\/span><span class=\"fg-image-overlay\"><\/span><\/a><\/figure><div class=\"fg-loader\"><\/div><\/div><div class=\"fg-item fg-type-image fg-idle\"><figure class=\"fg-item-inner\"><a href=\"https:\/\/www.stephanielehu.com\/wp-content\/uploads\/2020\/11\/Salp\u00e9tri\u00e9re6.jpg\" data-attachment-id=\"347\" data-type=\"image\" class=\"fg-thumb\"><span class=\"fg-image-wrap\"><img decoding=\"async\" width=\"240\" height=\"356\" class=\"skip-lazy fg-image\" data-src-fg=\"https:\/\/www.stephanielehu.com\/wp-content\/uploads\/cache\/2020\/11\/Salp\u00e9tri\u00e9re6\/1260094406.jpg\" data-srcset-fg=\"https:\/\/www.stephanielehu.com\/wp-content\/uploads\/cache\/2020\/11\/Salp\u00e9tri\u00e9re6\/-37763110.jpg 2x\" src=\"data:image\/svg+xml,%3Csvg%20xmlns%3D%22http%3A%2F%2Fwww.w3.org%2F2000%2Fsvg%22%20width%3D%22240%22%20height%3D%22356%22%20viewBox%3D%220%200%20240%20356%22%3E%3C%2Fsvg%3E\" loading=\"eager\"><\/span><span class=\"fg-image-overlay\"><\/span><\/a><\/figure><div class=\"fg-loader\"><\/div><\/div><div class=\"fg-item fg-type-image fg-idle\"><figure class=\"fg-item-inner\"><a href=\"https:\/\/www.stephanielehu.com\/wp-content\/uploads\/2020\/11\/Salp\u00e9tri\u00e9re5.jpg\" data-attachment-id=\"346\" data-type=\"image\" class=\"fg-thumb\"><span class=\"fg-image-wrap\"><img decoding=\"async\" width=\"240\" height=\"356\" class=\"skip-lazy fg-image\" data-src-fg=\"https:\/\/www.stephanielehu.com\/wp-content\/uploads\/cache\/2020\/11\/Salp\u00e9tri\u00e9re5\/-1580182911.jpg\" data-srcset-fg=\"https:\/\/www.stephanielehu.com\/wp-content\/uploads\/cache\/2020\/11\/Salp\u00e9tri\u00e9re5\/393483933.jpg 2x\" src=\"data:image\/svg+xml,%3Csvg%20xmlns%3D%22http%3A%2F%2Fwww.w3.org%2F2000%2Fsvg%22%20width%3D%22240%22%20height%3D%22356%22%20viewBox%3D%220%200%20240%20356%22%3E%3C%2Fsvg%3E\" loading=\"eager\"><\/span><span class=\"fg-image-overlay\"><\/span><\/a><\/figure><div class=\"fg-loader\"><\/div><\/div><div class=\"fg-item fg-type-image fg-idle\"><figure class=\"fg-item-inner\"><a href=\"https:\/\/www.stephanielehu.com\/wp-content\/uploads\/2020\/11\/Salp\u00e9tri\u00e9re4.jpg\" data-attachment-id=\"345\" data-type=\"image\" class=\"fg-thumb\"><span class=\"fg-image-wrap\"><img decoding=\"async\" width=\"240\" height=\"356\" class=\"skip-lazy fg-image\" data-src-fg=\"https:\/\/www.stephanielehu.com\/wp-content\/uploads\/cache\/2020\/11\/Salp\u00e9tri\u00e9re4\/-1044960781.jpg\" data-srcset-fg=\"https:\/\/www.stephanielehu.com\/wp-content\/uploads\/cache\/2020\/11\/Salp\u00e9tri\u00e9re4\/1997762031.jpg 2x\" src=\"data:image\/svg+xml,%3Csvg%20xmlns%3D%22http%3A%2F%2Fwww.w3.org%2F2000%2Fsvg%22%20width%3D%22240%22%20height%3D%22356%22%20viewBox%3D%220%200%20240%20356%22%3E%3C%2Fsvg%3E\" loading=\"eager\"><\/span><span class=\"fg-image-overlay\"><\/span><\/a><\/figure><div class=\"fg-loader\"><\/div><\/div><div class=\"fg-item fg-type-image fg-idle\"><figure class=\"fg-item-inner\"><a href=\"https:\/\/www.stephanielehu.com\/wp-content\/uploads\/2020\/11\/Salp\u00e9tri\u00e9re3.jpg\" data-attachment-id=\"344\" data-type=\"image\" class=\"fg-thumb\"><span class=\"fg-image-wrap\"><img decoding=\"async\" width=\"240\" height=\"356\" class=\"skip-lazy fg-image\" data-src-fg=\"https:\/\/www.stephanielehu.com\/wp-content\/uploads\/cache\/2020\/11\/Salp\u00e9tri\u00e9re3\/-1355352498.jpg\" data-srcset-fg=\"https:\/\/www.stephanielehu.com\/wp-content\/uploads\/cache\/2020\/11\/Salp\u00e9tri\u00e9re3\/429044306.jpg 2x\" src=\"data:image\/svg+xml,%3Csvg%20xmlns%3D%22http%3A%2F%2Fwww.w3.org%2F2000%2Fsvg%22%20width%3D%22240%22%20height%3D%22356%22%20viewBox%3D%220%200%20240%20356%22%3E%3C%2Fsvg%3E\" loading=\"eager\"><\/span><span class=\"fg-image-overlay\"><\/span><\/a><\/figure><div class=\"fg-loader\"><\/div><\/div><div class=\"fg-item fg-type-image fg-idle\"><figure class=\"fg-item-inner\"><a href=\"https:\/\/www.stephanielehu.com\/wp-content\/uploads\/2020\/11\/Salp\u00e9tri\u00e9re2.jpg\" data-attachment-id=\"343\" data-type=\"image\" class=\"fg-thumb\"><span class=\"fg-image-wrap\"><img decoding=\"async\" width=\"240\" height=\"356\" class=\"skip-lazy fg-image\" data-src-fg=\"https:\/\/www.stephanielehu.com\/wp-content\/uploads\/cache\/2020\/11\/Salp\u00e9tri\u00e9re2\/-2060201491.jpg\" data-srcset-fg=\"https:\/\/www.stephanielehu.com\/wp-content\/uploads\/cache\/2020\/11\/Salp\u00e9tri\u00e9re2\/865572337.jpg 2x\" src=\"data:image\/svg+xml,%3Csvg%20xmlns%3D%22http%3A%2F%2Fwww.w3.org%2F2000%2Fsvg%22%20width%3D%22240%22%20height%3D%22356%22%20viewBox%3D%220%200%20240%20356%22%3E%3C%2Fsvg%3E\" loading=\"eager\"><\/span><span class=\"fg-image-overlay\"><\/span><\/a><\/figure><div class=\"fg-loader\"><\/div><\/div><div class=\"fg-item fg-type-image fg-idle\"><figure class=\"fg-item-inner\"><a href=\"https:\/\/www.stephanielehu.com\/wp-content\/uploads\/2020\/11\/Salp\u00e9tri\u00e9re.jpg\" data-attachment-id=\"342\" data-type=\"image\" class=\"fg-thumb\"><span class=\"fg-image-wrap\"><img decoding=\"async\" width=\"240\" height=\"356\" class=\"skip-lazy fg-image\" data-src-fg=\"https:\/\/www.stephanielehu.com\/wp-content\/uploads\/cache\/2020\/11\/Salp\u00e9tri\u00e9re\/1644763194.jpg\" data-srcset-fg=\"https:\/\/www.stephanielehu.com\/wp-content\/uploads\/cache\/2020\/11\/Salp\u00e9tri\u00e9re\/-1604306683.jpg 2x\" src=\"data:image\/svg+xml,%3Csvg%20xmlns%3D%22http%3A%2F%2Fwww.w3.org%2F2000%2Fsvg%22%20width%3D%22240%22%20height%3D%22356%22%20viewBox%3D%220%200%20240%20356%22%3E%3C%2Fsvg%3E\" loading=\"eager\"><\/span><span class=\"fg-image-overlay\"><\/span><\/a><\/figure><div class=\"fg-loader\"><\/div><\/div><\/div>\n","protected":false},"excerpt":{"rendered":"<p>Photographies num\u00e9riques + textes, 2013 Les images de cette s\u00e9rie ont \u00e9t\u00e9 r\u00e9alis\u00e9es dans le cadre d&rsquo;une performance en collaboration avec Naomi Osorio Galan, danseuse. Les textes qui y sont associ\u00e9s sont les t\u00e9moignages de Madeleine, patiente intern\u00e9e \u00e0 l&rsquo;H\u00f4pital [&hellip;]<\/p>\n","protected":false},"author":1,"featured_media":0,"parent":75,"menu_order":0,"comment_status":"closed","ping_status":"closed","template":"","meta":{"footnotes":""},"class_list":["post-305","page","type-page","status-publish","hentry"],"_links":{"self":[{"href":"https:\/\/www.stephanielehu.com\/index.php\/wp-json\/wp\/v2\/pages\/305","targetHints":{"allow":["GET"]}}],"collection":[{"href":"https:\/\/www.stephanielehu.com\/index.php\/wp-json\/wp\/v2\/pages"}],"about":[{"href":"https:\/\/www.stephanielehu.com\/index.php\/wp-json\/wp\/v2\/types\/page"}],"author":[{"embeddable":true,"href":"https:\/\/www.stephanielehu.com\/index.php\/wp-json\/wp\/v2\/users\/1"}],"replies":[{"embeddable":true,"href":"https:\/\/www.stephanielehu.com\/index.php\/wp-json\/wp\/v2\/comments?post=305"}],"version-history":[{"count":9,"href":"https:\/\/www.stephanielehu.com\/index.php\/wp-json\/wp\/v2\/pages\/305\/revisions"}],"predecessor-version":[{"id":483,"href":"https:\/\/www.stephanielehu.com\/index.php\/wp-json\/wp\/v2\/pages\/305\/revisions\/483"}],"up":[{"embeddable":true,"href":"https:\/\/www.stephanielehu.com\/index.php\/wp-json\/wp\/v2\/pages\/75"}],"wp:attachment":[{"href":"https:\/\/www.stephanielehu.com\/index.php\/wp-json\/wp\/v2\/media?parent=305"}],"curies":[{"name":"wp","href":"https:\/\/api.w.org\/{rel}","templated":true}]}}