{"id":310,"date":"2020-11-13T21:22:59","date_gmt":"2020-11-13T20:22:59","guid":{"rendered":"http:\/\/www.stephanielehu.com\/?page_id=310"},"modified":"2020-11-16T13:58:49","modified_gmt":"2020-11-16T12:58:49","slug":"explorations-haptiques","status":"publish","type":"page","link":"https:\/\/www.stephanielehu.com\/index.php\/portfolio\/experimentations\/explorations-haptiques\/","title":{"rendered":"Explorations haptiques"},"content":{"rendered":"<h4 style=\"text-align: center;\">Polaro\u00efds, 2014-15<\/h4>\n<blockquote>\n<h6 style=\"text-align: center;\"><em>\u00ab\u00a0J&rsquo;interpr\u00e8te ce que je ressens \u00e0 un moment donn\u00e9. Pas ce que je vois, mais ce que je ressens.\u00a0\u00bb<\/em><\/h6>\n<h6 style=\"text-align: center;\">Andr\u00e9 Kert\u00e9sz<\/h6>\n<\/blockquote>\n<p>&nbsp;<\/p>\n<style type=\"text\/css\">\n#foogallery-gallery-308.fg-masonry { --fg-gutter: 10px; }<\/style>\n\t\t\t<div class=\"foogallery foogallery-container foogallery-masonry foogallery-lightbox-foobox fg-center fg-masonry fg-ready fg-light fg-loading-default fg-loaded-fade-in fg-captions-bottom fg-hover-fade fg-hover-plus fg-col3\" id=\"foogallery-gallery-308\" data-foogallery=\"{&quot;item&quot;:{&quot;showCaptionTitle&quot;:true,&quot;showCaptionDescription&quot;:true},&quot;lazy&quot;:true}\" style=\"--fg-title-line-clamp: 0; --fg-description-line-clamp: 0;\" >\n\t\t<div class=\"fg-column-width\"><\/div>\n\t<div class=\"fg-gutter-width\"><\/div>\n\t\t<div class=\"fg-item fg-type-image fg-idle\"><figure class=\"fg-item-inner\"><a href=\"https:\/\/www.stephanielehu.com\/wp-content\/uploads\/2020\/11\/S-Lehu-Pola-017-web.jpg\" data-attachment-id=\"204\" data-type=\"image\" class=\"fg-thumb\"><span class=\"fg-image-wrap\"><img fetchpriority=\"high\" decoding=\"async\" width=\"360\" height=\"290\" class=\"skip-lazy fg-image\" data-src-fg=\"https:\/\/www.stephanielehu.com\/wp-content\/uploads\/cache\/2020\/11\/S-Lehu-Pola-017-web\/1867754803.jpg\" src=\"data:image\/svg+xml,%3Csvg%20xmlns%3D%22http%3A%2F%2Fwww.w3.org%2F2000%2Fsvg%22%20width%3D%22360%22%20height%3D%22290%22%20viewBox%3D%220%200%20360%20290%22%3E%3C%2Fsvg%3E\" loading=\"eager\"><\/span><span class=\"fg-image-overlay\"><\/span><\/a><\/figure><div class=\"fg-loader\"><\/div><\/div><div class=\"fg-item fg-type-image fg-idle\"><figure class=\"fg-item-inner\"><a href=\"https:\/\/www.stephanielehu.com\/wp-content\/uploads\/2020\/11\/S-Lehu-Pola-009-web.jpg\" data-attachment-id=\"198\" data-type=\"image\" class=\"fg-thumb\"><span class=\"fg-image-wrap\"><img decoding=\"async\" width=\"360\" height=\"288\" class=\"skip-lazy fg-image\" data-src-fg=\"https:\/\/www.stephanielehu.com\/wp-content\/uploads\/cache\/2020\/11\/S-Lehu-Pola-009-web\/-535676894.jpg\" src=\"data:image\/svg+xml,%3Csvg%20xmlns%3D%22http%3A%2F%2Fwww.w3.org%2F2000%2Fsvg%22%20width%3D%22360%22%20height%3D%22288%22%20viewBox%3D%220%200%20360%20288%22%3E%3C%2Fsvg%3E\" loading=\"eager\"><\/span><span class=\"fg-image-overlay\"><\/span><\/a><\/figure><div class=\"fg-loader\"><\/div><\/div><div class=\"fg-item fg-type-image fg-idle\"><figure class=\"fg-item-inner\"><a href=\"https:\/\/www.stephanielehu.com\/wp-content\/uploads\/2020\/11\/S-Lehu-Pola-013-web.jpg\" data-attachment-id=\"201\" data-type=\"image\" class=\"fg-thumb\"><span class=\"fg-image-wrap\"><img decoding=\"async\" width=\"360\" height=\"288\" class=\"skip-lazy fg-image\" data-src-fg=\"https:\/\/www.stephanielehu.com\/wp-content\/uploads\/cache\/2020\/11\/S-Lehu-Pola-013-web\/-398156590.jpg\" src=\"data:image\/svg+xml,%3Csvg%20xmlns%3D%22http%3A%2F%2Fwww.w3.org%2F2000%2Fsvg%22%20width%3D%22360%22%20height%3D%22288%22%20viewBox%3D%220%200%20360%20288%22%3E%3C%2Fsvg%3E\" loading=\"eager\"><\/span><span class=\"fg-image-overlay\"><\/span><\/a><\/figure><div class=\"fg-loader\"><\/div><\/div><div class=\"fg-item fg-type-image fg-idle\"><figure class=\"fg-item-inner\"><a href=\"https:\/\/www.stephanielehu.com\/wp-content\/uploads\/2020\/11\/S-Lehu-Pola-012-web.jpg\" data-attachment-id=\"200\" data-type=\"image\" class=\"fg-thumb\"><span class=\"fg-image-wrap\"><img decoding=\"async\" width=\"360\" height=\"290\" class=\"skip-lazy fg-image\" data-src-fg=\"https:\/\/www.stephanielehu.com\/wp-content\/uploads\/cache\/2020\/11\/S-Lehu-Pola-012-web\/-2089057263.jpg\" src=\"data:image\/svg+xml,%3Csvg%20xmlns%3D%22http%3A%2F%2Fwww.w3.org%2F2000%2Fsvg%22%20width%3D%22360%22%20height%3D%22290%22%20viewBox%3D%220%200%20360%20290%22%3E%3C%2Fsvg%3E\" loading=\"eager\"><\/span><span class=\"fg-image-overlay\"><\/span><\/a><\/figure><div class=\"fg-loader\"><\/div><\/div><div class=\"fg-item fg-type-image fg-idle\"><figure class=\"fg-item-inner\"><a href=\"https:\/\/www.stephanielehu.com\/wp-content\/uploads\/2020\/11\/S-Lehu-Pola-004-web.jpg\" data-attachment-id=\"195\" data-type=\"image\" class=\"fg-thumb\"><span class=\"fg-image-wrap\"><img decoding=\"async\" width=\"360\" height=\"290\" class=\"skip-lazy fg-image\" data-src-fg=\"https:\/\/www.stephanielehu.com\/wp-content\/uploads\/cache\/2020\/11\/S-Lehu-Pola-004-web\/330993462.jpg\" src=\"data:image\/svg+xml,%3Csvg%20xmlns%3D%22http%3A%2F%2Fwww.w3.org%2F2000%2Fsvg%22%20width%3D%22360%22%20height%3D%22290%22%20viewBox%3D%220%200%20360%20290%22%3E%3C%2Fsvg%3E\" loading=\"eager\"><\/span><span class=\"fg-image-overlay\"><\/span><\/a><\/figure><div class=\"fg-loader\"><\/div><\/div><div class=\"fg-item fg-type-image fg-idle\"><figure class=\"fg-item-inner\"><a href=\"https:\/\/www.stephanielehu.com\/wp-content\/uploads\/2020\/11\/S-Lehu-Pola-016-web.jpg\" data-attachment-id=\"203\" data-type=\"image\" class=\"fg-thumb\"><span class=\"fg-image-wrap\"><img decoding=\"async\" width=\"360\" height=\"290\" class=\"skip-lazy fg-image\" data-src-fg=\"https:\/\/www.stephanielehu.com\/wp-content\/uploads\/cache\/2020\/11\/S-Lehu-Pola-016-web\/1252148443.jpg\" src=\"data:image\/svg+xml,%3Csvg%20xmlns%3D%22http%3A%2F%2Fwww.w3.org%2F2000%2Fsvg%22%20width%3D%22360%22%20height%3D%22290%22%20viewBox%3D%220%200%20360%20290%22%3E%3C%2Fsvg%3E\" loading=\"eager\"><\/span><span class=\"fg-image-overlay\"><\/span><\/a><\/figure><div class=\"fg-loader\"><\/div><\/div><div class=\"fg-item fg-type-image fg-idle\"><figure class=\"fg-item-inner\"><a href=\"https:\/\/www.stephanielehu.com\/wp-content\/uploads\/2020\/11\/S-Lehu-Pola-018-web.jpg\" data-attachment-id=\"193\" data-type=\"image\" class=\"fg-thumb\"><span class=\"fg-image-wrap\"><img decoding=\"async\" width=\"360\" height=\"290\" class=\"skip-lazy fg-image\" data-src-fg=\"https:\/\/www.stephanielehu.com\/wp-content\/uploads\/cache\/2020\/11\/S-Lehu-Pola-018-web\/-2048333287.jpg\" src=\"data:image\/svg+xml,%3Csvg%20xmlns%3D%22http%3A%2F%2Fwww.w3.org%2F2000%2Fsvg%22%20width%3D%22360%22%20height%3D%22290%22%20viewBox%3D%220%200%20360%20290%22%3E%3C%2Fsvg%3E\" loading=\"eager\"><\/span><span class=\"fg-image-overlay\"><\/span><\/a><\/figure><div class=\"fg-loader\"><\/div><\/div><div class=\"fg-item fg-type-image fg-idle\"><figure class=\"fg-item-inner\"><a href=\"https:\/\/www.stephanielehu.com\/wp-content\/uploads\/2020\/11\/S-Lehu-Pola-011-web.jpg\" data-attachment-id=\"199\" data-type=\"image\" class=\"fg-thumb\"><span class=\"fg-image-wrap\"><img decoding=\"async\" width=\"360\" height=\"288\" class=\"skip-lazy fg-image\" data-src-fg=\"https:\/\/www.stephanielehu.com\/wp-content\/uploads\/cache\/2020\/11\/S-Lehu-Pola-011-web\/-887962635.jpg\" src=\"data:image\/svg+xml,%3Csvg%20xmlns%3D%22http%3A%2F%2Fwww.w3.org%2F2000%2Fsvg%22%20width%3D%22360%22%20height%3D%22288%22%20viewBox%3D%220%200%20360%20288%22%3E%3C%2Fsvg%3E\" loading=\"eager\"><\/span><span class=\"fg-image-overlay\"><\/span><\/a><\/figure><div class=\"fg-loader\"><\/div><\/div><div class=\"fg-item fg-type-image fg-idle\"><figure class=\"fg-item-inner\"><a href=\"https:\/\/www.stephanielehu.com\/wp-content\/uploads\/2020\/11\/S-Lehu-Pola-008-web.jpg\" data-attachment-id=\"197\" data-type=\"image\" class=\"fg-thumb\"><span class=\"fg-image-wrap\"><img decoding=\"async\" width=\"360\" height=\"290\" class=\"skip-lazy fg-image\" data-src-fg=\"https:\/\/www.stephanielehu.com\/wp-content\/uploads\/cache\/2020\/11\/S-Lehu-Pola-008-web\/754281902.jpg\" src=\"data:image\/svg+xml,%3Csvg%20xmlns%3D%22http%3A%2F%2Fwww.w3.org%2F2000%2Fsvg%22%20width%3D%22360%22%20height%3D%22290%22%20viewBox%3D%220%200%20360%20290%22%3E%3C%2Fsvg%3E\" loading=\"eager\"><\/span><span class=\"fg-image-overlay\"><\/span><\/a><\/figure><div class=\"fg-loader\"><\/div><\/div><div class=\"fg-item fg-type-image fg-idle\"><figure class=\"fg-item-inner\"><a href=\"https:\/\/www.stephanielehu.com\/wp-content\/uploads\/2020\/11\/S-Lehu-Pola-015-web.jpg\" data-attachment-id=\"202\" data-type=\"image\" class=\"fg-thumb\"><span class=\"fg-image-wrap\"><img decoding=\"async\" width=\"360\" height=\"288\" class=\"skip-lazy fg-image\" data-src-fg=\"https:\/\/www.stephanielehu.com\/wp-content\/uploads\/cache\/2020\/11\/S-Lehu-Pola-015-web\/-844709241.jpg\" src=\"data:image\/svg+xml,%3Csvg%20xmlns%3D%22http%3A%2F%2Fwww.w3.org%2F2000%2Fsvg%22%20width%3D%22360%22%20height%3D%22288%22%20viewBox%3D%220%200%20360%20288%22%3E%3C%2Fsvg%3E\" loading=\"eager\"><\/span><span class=\"fg-image-overlay\"><\/span><\/a><\/figure><div class=\"fg-loader\"><\/div><\/div><div class=\"fg-item fg-type-image fg-idle\"><figure class=\"fg-item-inner\"><a href=\"https:\/\/www.stephanielehu.com\/wp-content\/uploads\/2020\/11\/S-Lehu-Pola-005-web.jpg\" data-attachment-id=\"196\" data-type=\"image\" class=\"fg-thumb\"><span class=\"fg-image-wrap\"><img decoding=\"async\" width=\"360\" height=\"288\" class=\"skip-lazy fg-image\" data-src-fg=\"https:\/\/www.stephanielehu.com\/wp-content\/uploads\/cache\/2020\/11\/S-Lehu-Pola-005-web\/1119893740.jpg\" src=\"data:image\/svg+xml,%3Csvg%20xmlns%3D%22http%3A%2F%2Fwww.w3.org%2F2000%2Fsvg%22%20width%3D%22360%22%20height%3D%22288%22%20viewBox%3D%220%200%20360%20288%22%3E%3C%2Fsvg%3E\" loading=\"eager\"><\/span><span class=\"fg-image-overlay\"><\/span><\/a><\/figure><div class=\"fg-loader\"><\/div><\/div><div class=\"fg-item fg-type-image fg-idle\"><figure class=\"fg-item-inner\"><a href=\"https:\/\/www.stephanielehu.com\/wp-content\/uploads\/2020\/11\/S-Lehu-Pola-003-web.jpg\" data-attachment-id=\"194\" data-type=\"image\" class=\"fg-thumb\"><span class=\"fg-image-wrap\"><img decoding=\"async\" width=\"360\" height=\"288\" class=\"skip-lazy fg-image\" data-src-fg=\"https:\/\/www.stephanielehu.com\/wp-content\/uploads\/cache\/2020\/11\/S-Lehu-Pola-003-web\/-1749536235.jpg\" src=\"data:image\/svg+xml,%3Csvg%20xmlns%3D%22http%3A%2F%2Fwww.w3.org%2F2000%2Fsvg%22%20width%3D%22360%22%20height%3D%22288%22%20viewBox%3D%220%200%20360%20288%22%3E%3C%2Fsvg%3E\" loading=\"eager\"><\/span><span class=\"fg-image-overlay\"><\/span><\/a><\/figure><div class=\"fg-loader\"><\/div><\/div><\/div>\n","protected":false},"excerpt":{"rendered":"<p>Polaro\u00efds, 2014-15 \u00ab\u00a0J&rsquo;interpr\u00e8te ce que je ressens \u00e0 un moment donn\u00e9. Pas ce que je vois, mais ce que je ressens.\u00a0\u00bb Andr\u00e9 Kert\u00e9sz &nbsp;<\/p>\n","protected":false},"author":1,"featured_media":0,"parent":75,"menu_order":0,"comment_status":"closed","ping_status":"closed","template":"","meta":{"footnotes":""},"class_list":["post-310","page","type-page","status-publish","hentry"],"_links":{"self":[{"href":"https:\/\/www.stephanielehu.com\/index.php\/wp-json\/wp\/v2\/pages\/310","targetHints":{"allow":["GET"]}}],"collection":[{"href":"https:\/\/www.stephanielehu.com\/index.php\/wp-json\/wp\/v2\/pages"}],"about":[{"href":"https:\/\/www.stephanielehu.com\/index.php\/wp-json\/wp\/v2\/types\/page"}],"author":[{"embeddable":true,"href":"https:\/\/www.stephanielehu.com\/index.php\/wp-json\/wp\/v2\/users\/1"}],"replies":[{"embeddable":true,"href":"https:\/\/www.stephanielehu.com\/index.php\/wp-json\/wp\/v2\/comments?post=310"}],"version-history":[{"count":8,"href":"https:\/\/www.stephanielehu.com\/index.php\/wp-json\/wp\/v2\/pages\/310\/revisions"}],"predecessor-version":[{"id":384,"href":"https:\/\/www.stephanielehu.com\/index.php\/wp-json\/wp\/v2\/pages\/310\/revisions\/384"}],"up":[{"embeddable":true,"href":"https:\/\/www.stephanielehu.com\/index.php\/wp-json\/wp\/v2\/pages\/75"}],"wp:attachment":[{"href":"https:\/\/www.stephanielehu.com\/index.php\/wp-json\/wp\/v2\/media?parent=310"}],"curies":[{"name":"wp","href":"https:\/\/api.w.org\/{rel}","templated":true}]}}