{"id":381,"date":"2020-11-16T11:17:13","date_gmt":"2020-11-16T10:17:13","guid":{"rendered":"http:\/\/www.stephanielehu.com\/?page_id=381"},"modified":"2020-11-23T14:40:27","modified_gmt":"2020-11-23T13:40:27","slug":"silence","status":"publish","type":"page","link":"https:\/\/www.stephanielehu.com\/index.php\/portfolio\/experimentations\/silence\/","title":{"rendered":"Silence"},"content":{"rendered":"<h4 style=\"text-align: center;\">Photographie num\u00e9rique, 2011<\/h4>\n<blockquote>\n<h6 style=\"text-align: center;\">D&rsquo;apr\u00e8s la peinture <em>Le Silence<\/em> de Johann Heinrich F\u00fcssli (1799-1801).<\/h6>\n<\/blockquote>\n<p>&nbsp;<\/p>\n<style type=\"text\/css\">\n#foogallery-gallery-379.fg-masonry .fg-item { width: 360px; }\n#foogallery-gallery-379.fg-masonry { --fg-gutter: 10px; }<\/style>\n\t\t\t<div class=\"foogallery foogallery-container foogallery-masonry foogallery-lightbox-foobox fg-center fg-masonry fg-ready fg-light fg-loading-default fg-loaded-fade-in fg-captions-bottom fg-hover-fade fg-hover-plus fg-fixed\" id=\"foogallery-gallery-379\" data-foogallery=\"{&quot;item&quot;:{&quot;showCaptionTitle&quot;:true,&quot;showCaptionDescription&quot;:true},&quot;lazy&quot;:true,&quot;template&quot;:{&quot;columnWidth&quot;:360,&quot;gutter&quot;:10}}\" style=\"--fg-title-line-clamp: 0; --fg-description-line-clamp: 0;\" >\n\t\t<div class=\"fg-item fg-type-image fg-idle\"><figure class=\"fg-item-inner\"><a href=\"https:\/\/www.stephanielehu.com\/wp-content\/uploads\/2020\/11\/Le-Silence-\u00a9St\u00e9phanie-Lehu-2011.jpg\" data-attachment-id=\"172\" data-type=\"image\" class=\"fg-thumb\"><span class=\"fg-image-wrap\"><img fetchpriority=\"high\" decoding=\"async\" width=\"360\" height=\"498\" class=\"skip-lazy fg-image\" data-src-fg=\"https:\/\/www.stephanielehu.com\/wp-content\/uploads\/cache\/2020\/11\/Le-Silence-\u00a9St\u00e9phanie-Lehu-2011\/1289111118.jpg\" src=\"data:image\/svg+xml,%3Csvg%20xmlns%3D%22http%3A%2F%2Fwww.w3.org%2F2000%2Fsvg%22%20width%3D%22360%22%20height%3D%22498%22%20viewBox%3D%220%200%20360%20498%22%3E%3C%2Fsvg%3E\" loading=\"eager\"><\/span><span class=\"fg-image-overlay\"><\/span><\/a><\/figure><div class=\"fg-loader\"><\/div><\/div><\/div>\n","protected":false},"excerpt":{"rendered":"<p>Photographie num\u00e9rique, 2011 D&rsquo;apr\u00e8s la peinture Le Silence de Johann Heinrich F\u00fcssli (1799-1801). &nbsp;<\/p>\n","protected":false},"author":1,"featured_media":0,"parent":75,"menu_order":0,"comment_status":"closed","ping_status":"closed","template":"","meta":{"footnotes":""},"class_list":["post-381","page","type-page","status-publish","hentry"],"_links":{"self":[{"href":"https:\/\/www.stephanielehu.com\/index.php\/wp-json\/wp\/v2\/pages\/381","targetHints":{"allow":["GET"]}}],"collection":[{"href":"https:\/\/www.stephanielehu.com\/index.php\/wp-json\/wp\/v2\/pages"}],"about":[{"href":"https:\/\/www.stephanielehu.com\/index.php\/wp-json\/wp\/v2\/types\/page"}],"author":[{"embeddable":true,"href":"https:\/\/www.stephanielehu.com\/index.php\/wp-json\/wp\/v2\/users\/1"}],"replies":[{"embeddable":true,"href":"https:\/\/www.stephanielehu.com\/index.php\/wp-json\/wp\/v2\/comments?post=381"}],"version-history":[{"count":6,"href":"https:\/\/www.stephanielehu.com\/index.php\/wp-json\/wp\/v2\/pages\/381\/revisions"}],"predecessor-version":[{"id":520,"href":"https:\/\/www.stephanielehu.com\/index.php\/wp-json\/wp\/v2\/pages\/381\/revisions\/520"}],"up":[{"embeddable":true,"href":"https:\/\/www.stephanielehu.com\/index.php\/wp-json\/wp\/v2\/pages\/75"}],"wp:attachment":[{"href":"https:\/\/www.stephanielehu.com\/index.php\/wp-json\/wp\/v2\/media?parent=381"}],"curies":[{"name":"wp","href":"https:\/\/api.w.org\/{rel}","templated":true}]}}