{"id":42,"date":"2018-02-27T14:03:12","date_gmt":"2018-02-27T13:03:12","guid":{"rendered":"http:\/\/www.stephanielehu.com\/?page_id=42"},"modified":"2025-02-08T16:27:45","modified_gmt":"2025-02-08T15:27:45","slug":"prestations-tarifs","status":"publish","type":"page","link":"https:\/\/www.stephanielehu.com\/index.php\/prestations-tarifs\/","title":{"rendered":"Prestations &#038; tarifs"},"content":{"rendered":"\n<div class=\"wp-block-columns is-layout-flex wp-container-core-columns-is-layout-1 wp-block-columns-is-layout-flex\">\n<div class=\"wp-block-column is-layout-flow wp-block-column-is-layout-flow\" style=\"flex-basis:33.34%\">\n<p><img loading=\"lazy\" decoding=\"async\" class=\"alignnone size-medium wp-image-803\" src=\"http:\/\/www.stephanielehu.com\/wp-content\/uploads\/2025\/02\/Mathilde_famille\u00a9Stephanie_Goumat-40-300x300.jpg\" alt=\"\" width=\"300\" height=\"300\" \/><\/p>\n<p>\u00a0<\/p>\n<h4>MINI S\u00c9ANCES \u00c0 PRIX DOUX : 90\u20ac<\/h4>\n<p>\u00a0<\/p>\n<p><strong>&#8211; Portrait (1 personne)<\/strong><\/p>\n<p><strong>&#8211; Grossesse (maman seule)<\/strong><\/p>\n<p><strong>&#8211; Allaitement<\/strong><\/p>\n<p>30 minutes de prise de vue, 10 photos HD<\/p>\n<h4>\u00a0<\/h4>\n<\/div>\n\n\n\n<div class=\"wp-block-column is-layout-flow wp-block-column-is-layout-flow\" style=\"flex-basis:33.34%\">\n<p><img loading=\"lazy\" decoding=\"async\" class=\"alignnone size-medium wp-image-869\" src=\"http:\/\/www.stephanielehu.com\/wp-content\/uploads\/2025\/02\/IMGL4753_carre-300x300.jpg\" alt=\"\" width=\"300\" height=\"300\"><\/p>\n\n\n\n<p><\/p>\n\n\n\n<p>&nbsp;<\/p>\n<h4 class=\"wp-block-heading\">PORTRAIT \/ GROSSESSE \/ COUPLE : 150\u20ac<\/h4>\n<p>&nbsp;<\/p>\n\n\n\n<p>1h de prise de vue environ<\/p>\n\n\n\n<p>Toutes les photos de la s\u00e9ance en HD (tri\u00e9es, retouch\u00e9es)<\/p>\n<\/div>\n\n\n\n<div class=\"wp-block-column is-layout-flow wp-block-column-is-layout-flow\" style=\"flex-basis:33.33%\">\n<p><img loading=\"lazy\" decoding=\"async\" class=\"alignnone size-medium wp-image-880\" src=\"http:\/\/www.stephanielehu.com\/wp-content\/uploads\/2025\/02\/Judith_020723-67_carre-300x300.jpg\" alt=\"\" width=\"300\" height=\"300\"><\/p>\n\n\n\n<p>\u00a0<\/p>\n<h4 class=\"wp-block-heading\">FAMILLE \/ NOUVEAU-N\u00c9 : 185\u20ac<\/h4>\n\n\n\n<p>\u00a0<\/p>\n<p>1h30 de prise de vue environ<\/p>\n\n\n\n<p>Toutes les photos de la s\u00e9ance en HD (tri\u00e9es, retouch\u00e9es)<\/p>\n<\/div>\n<\/div>\n\n\n\n<p>  <\/p>\n\n\n\n<h4 class=\"wp-block-heading\">PROFESSIONNELS, UNE S\u00c9ANCE \u00c0 VOTRE IMAGE<\/h4>\n\n\n\n<p><p><a href=\"http:\/\/www.stephanielehu.com\/index.php\/contact\/\">Me contacter<\/a> pour un devis sur mesure.<\/p>\n<h4>&nbsp;<\/h4><\/p>\n\n\n\n<p><\/p>\n\n\n\n<p><\/p>\n\n\n\n<p>  <\/p>\n\n\n\n<h4>LES S\u00c9ANCES PHOTOS SE R\u00c9ALISENT EN EXT\u00c9RIEUR OU \u00c0 VOTRE DOMICILE.<\/h4>\n<p>\u00a0<\/p>\n\n\n<p>Le prix de la s\u00e9ance comprend :<\/p>\n\n\n<ul class=\"wp-block-list\"><li>Le d\u00e9placement dans un rayon de 30 km autour de Vinsobres (Nyons, Mirabel-aux-Baronnies, Vaison-la-Romaine, Valr\u00e9as, Ste-C\u00e9cile-les-Vignes, Grignan&#8230;)<\/li><\/ul>\n\n\n\n<ul class=\"wp-block-list\"><li>Le temps de prise de vue<\/li><\/ul>\n\n\n\n<ul class=\"wp-block-list\"><li>Le tri et le post-traitement des images<\/li><\/ul>\n\n\n\n<ul class=\"wp-block-list\"><li>Le t\u00e9l\u00e9chargement des photos (fichiers num\u00e9riques HD)<\/li><\/ul>\n","protected":false},"excerpt":{"rendered":"<p>\u00a0 MINI S\u00c9ANCES \u00c0 PRIX DOUX : 90\u20ac \u00a0 &#8211; Portrait (1 personne) &#8211; Grossesse (maman seule) &#8211; Allaitement 30 minutes de prise de vue, 10 photos HD \u00a0 &nbsp; PORTRAIT \/ GROSSESSE \/ COUPLE : 150\u20ac &nbsp; 1h de [&hellip;]<\/p>\n","protected":false},"author":1,"featured_media":0,"parent":0,"menu_order":0,"comment_status":"closed","ping_status":"closed","template":"","meta":{"footnotes":""},"class_list":["post-42","page","type-page","status-publish","hentry"],"_links":{"self":[{"href":"https:\/\/www.stephanielehu.com\/index.php\/wp-json\/wp\/v2\/pages\/42","targetHints":{"allow":["GET"]}}],"collection":[{"href":"https:\/\/www.stephanielehu.com\/index.php\/wp-json\/wp\/v2\/pages"}],"about":[{"href":"https:\/\/www.stephanielehu.com\/index.php\/wp-json\/wp\/v2\/types\/page"}],"author":[{"embeddable":true,"href":"https:\/\/www.stephanielehu.com\/index.php\/wp-json\/wp\/v2\/users\/1"}],"replies":[{"embeddable":true,"href":"https:\/\/www.stephanielehu.com\/index.php\/wp-json\/wp\/v2\/comments?post=42"}],"version-history":[{"count":83,"href":"https:\/\/www.stephanielehu.com\/index.php\/wp-json\/wp\/v2\/pages\/42\/revisions"}],"predecessor-version":[{"id":891,"href":"https:\/\/www.stephanielehu.com\/index.php\/wp-json\/wp\/v2\/pages\/42\/revisions\/891"}],"wp:attachment":[{"href":"https:\/\/www.stephanielehu.com\/index.php\/wp-json\/wp\/v2\/media?parent=42"}],"curies":[{"name":"wp","href":"https:\/\/api.w.org\/{rel}","templated":true}]}}