{"id":45,"date":"2018-02-27T14:04:03","date_gmt":"2018-02-27T13:04:03","guid":{"rendered":"http:\/\/www.stephanielehu.com\/?page_id=45"},"modified":"2025-02-23T14:34:22","modified_gmt":"2025-02-23T13:34:22","slug":"a-propos","status":"publish","type":"page","link":"https:\/\/www.stephanielehu.com\/index.php\/a-propos\/","title":{"rendered":"\u00c0 propos"},"content":{"rendered":"<p><img loading=\"lazy\" decoding=\"async\" class=\"alignleft wp-image-736 size-large\" src=\"http:\/\/www.stephanielehu.com\/wp-content\/uploads\/2025\/02\/Portrait_900px-683x1024.jpg\" alt=\"\" width=\"683\" height=\"1024\" \/><\/p>\n<p><span style=\"font-family: Calibri, sans-serif;\"><span style=\"font-size: medium;\">Apr\u00e8s avoir voulu \u00eatre dessinatrice, architecte, puis designer, je suis entr\u00e9e \u00e0 l\u2019Ecole Sup\u00e9rieure d\u2019Art et de Design de Saint-Etienne. C\u2019est l\u00e0 que j\u2019ai d\u00e9couvert la magie de la photographie : une r\u00e9v\u00e9lation ! J\u2019aimais ce temps de prise de vue, puis ce temps de l\u2019apparition tant attendue de l\u2019image en laboratoire. Apr\u00e8s 5 ans d&rsquo;\u00e9tudes, je suis sortie dipl\u00f4m\u00e9e de l&rsquo;\u00e9cole en 2009. J\u2019ai ensuite travaill\u00e9 dans la coordination de projets artistiques en art contemporain, tout en poursuivant ma pratique d\u2019artiste photographe et en exposant \u00e0 travers la France.<\/span><\/span><\/p>\n<p><span style=\"color: #000000;\"><span style=\"font-family: Calibri, Helvetica, sans-serif;\"><span style=\"font-size: medium;\"><span style=\"font-size: medium;\">Puis, en 2016, l&rsquo;exp\u00e9rience de la maternit\u00e9 m&rsquo;a permis de me reconnecter \u00e0 moi-m\u00eame, de revenir \u00e0 l&rsquo;\u00e9coute de mes envies et besoins profonds. Ecoutant ma petite voix int\u00e9rieure, j&rsquo;ai alors r\u00e9orient\u00e9 ma vie professionnelle pour me consacrer au yoga (que je pratiquais d\u00e9j\u00e0 depuis plusieurs ann\u00e9es) et \u00e0 l\u2019accompagnement des femmes. Vous pouvez en d\u00e9couvrir plus en visitant mon site <\/span><a href=\"http:\/\/osmozyoga.com\/\"><span style=\"font-family: Calibri, sans-serif;\"><span style=\"font-size: large;\">www.osmozyoga.com <\/span><\/span><\/a><\/span><\/span><\/span><\/p>\n<p><span style=\"font-size: medium;\"><span style=\"color: #000000;\"><span style=\"font-family: Calibri, sans-serif;\">Mon activit\u00e9 photographique a elle aussi \u00e9t\u00e9 impact\u00e9e par la maternit\u00e9, laissant de c\u00f4t\u00e9 les projets plus artistiques pour la photographie lifestyle. <\/span><\/span><span style=\"font-family: Calibri, sans-serif;\">Car ce que j\u2019aime photographier avant tout, ce sont les portraits\u00a0!<\/span><\/span><\/p>\n<p><strong><span style=\"font-family: Calibri, sans-serif;\"><span style=\"font-size: medium;\">J&rsquo;aime saisir l&rsquo;instant pr\u00e9sent, les \u00e9clats de rire, les rides qui se dessinent aux coins des yeux.<\/span><\/span><\/strong><\/p>\n<p><strong><span style=\"font-family: Calibri, sans-serif;\"><span style=\"font-size: medium;\">J&rsquo;aime r\u00e9v\u00e9ler la beaut\u00e9 singuli\u00e8re \u00e9manant de chacun.<\/span><\/span><\/strong><\/p>\n<p><strong><span style=\"font-family: Calibri, sans-serif;\"><span style=\"font-size: medium;\">J&rsquo;aime \u00eatre t\u00e9moin de l&rsquo;aube de vos sentiments, d\u00e9celer l&rsquo;\u00e9tincelle dans vos regards amoureux.<\/span><\/span><\/strong><\/p>\n<p><strong><span style=\"font-family: Calibri, sans-serif;\"><span style=\"font-size: medium;\">J&rsquo;aime capturer la beaut\u00e9 d&rsquo;un paysage illumin\u00e9 par vos pr\u00e9sences rayonnantes.<\/span><\/span><\/strong><\/p>\n<p><strong><span style=\"font-family: Calibri, sans-serif;\"><span style=\"font-size: medium;\">J&rsquo;aime \u00eatre \u00e9mue par l&rsquo;osmose entre une m\u00e8re et son enfant, l&rsquo;osmose des \u00eatres qui s&rsquo;aiment tout simplement.<\/span><\/span><\/strong><\/p>\n<p><span style=\"font-family: Calibri, sans-serif;\"><span style=\"font-size: medium;\">A travers mon regard bienveillant, je vous propose des photos qui vous ressemblent.<\/span><\/span><\/p>\n<p><span style=\"font-family: Calibri, sans-serif;\"><span style=\"font-size: medium;\">N&rsquo;h\u00e9sitez pas \u00e0 me contacter afin de me faire part de vos envies !<\/span><\/span><\/p>\n","protected":false},"excerpt":{"rendered":"<p>Apr\u00e8s avoir voulu \u00eatre dessinatrice, architecte, puis designer, je suis entr\u00e9e \u00e0 l\u2019Ecole Sup\u00e9rieure d\u2019Art et de Design de Saint-Etienne. C\u2019est l\u00e0 que j\u2019ai d\u00e9couvert la magie de la photographie : une r\u00e9v\u00e9lation ! J\u2019aimais ce temps de prise de [&hellip;]<\/p>\n","protected":false},"author":1,"featured_media":0,"parent":0,"menu_order":0,"comment_status":"closed","ping_status":"closed","template":"","meta":{"footnotes":""},"class_list":["post-45","page","type-page","status-publish","hentry"],"_links":{"self":[{"href":"https:\/\/www.stephanielehu.com\/index.php\/wp-json\/wp\/v2\/pages\/45","targetHints":{"allow":["GET"]}}],"collection":[{"href":"https:\/\/www.stephanielehu.com\/index.php\/wp-json\/wp\/v2\/pages"}],"about":[{"href":"https:\/\/www.stephanielehu.com\/index.php\/wp-json\/wp\/v2\/types\/page"}],"author":[{"embeddable":true,"href":"https:\/\/www.stephanielehu.com\/index.php\/wp-json\/wp\/v2\/users\/1"}],"replies":[{"embeddable":true,"href":"https:\/\/www.stephanielehu.com\/index.php\/wp-json\/wp\/v2\/comments?post=45"}],"version-history":[{"count":62,"href":"https:\/\/www.stephanielehu.com\/index.php\/wp-json\/wp\/v2\/pages\/45\/revisions"}],"predecessor-version":[{"id":948,"href":"https:\/\/www.stephanielehu.com\/index.php\/wp-json\/wp\/v2\/pages\/45\/revisions\/948"}],"wp:attachment":[{"href":"https:\/\/www.stephanielehu.com\/index.php\/wp-json\/wp\/v2\/media?parent=45"}],"curies":[{"name":"wp","href":"https:\/\/api.w.org\/{rel}","templated":true}]}}