{"id":51,"date":"2018-02-27T14:04:53","date_gmt":"2018-02-27T13:04:53","guid":{"rendered":"http:\/\/www.stephanielehu.com\/?page_id=51"},"modified":"2025-04-21T14:27:16","modified_gmt":"2025-04-21T12:27:16","slug":"contact","status":"publish","type":"page","link":"https:\/\/www.stephanielehu.com\/index.php\/contact\/","title":{"rendered":"Contact"},"content":{"rendered":"\n<h4 class=\"wp-block-heading has-text-align-center\"><figure><img loading=\"lazy\" decoding=\"async\" class=\"alignnone wp-image-585\" src=\"http:\/\/www.stephanielehu.com\/wp-content\/uploads\/2020\/11\/IMGL8393-1024x683.jpg\" alt=\"\" width=\"600\" height=\"400\"><\/figure><\/h4>\n\n\n\n<h4 class=\"wp-block-heading has-text-align-center\">&nbsp;<\/h4>\n\n\n\n<h5 class=\"wp-block-heading has-text-align-center\">Vous souhaitez prendre rendez-vous pour une s\u00e9ance photo ? Vous avez des questions ?<\/h5>\n\n\n\n<h5 class=\"wp-block-heading has-text-align-center\">N&rsquo;h\u00e9sitez pas \u00e0 me contacter au 06 26 07 18 22 ou par email \u00e0 stephanie.lehu@hotmail.fr<\/h5>\n\n\n\n<h5 class=\"wp-block-heading has-text-align-center\">Faites-moi part de votre projet et de vos envies !<\/h5>\n\n\n\n<br\/>\n\n\n\n<p><\/p>\n\n\n\n<h5 class=\"wp-block-heading has-text-align-center\"><strong>St\u00e9phanie Lehu Goumat<\/strong><\/h5>\n\n\n\n<p class=\"has-text-align-center\"><em>Photographe Dr\u00f4me, Vaucluse, Nyonsais, Baronnies proven\u00e7ales<br>(et aussi professeure de yoga chez <a href=\"http:\/\/www.osmozyoga.com\" data-type=\"link\" data-id=\"www.osmozyoga.com\">www.osmozyoga.com<\/a>)<\/em><\/p>\n\n\n\n<p><\/p>\n","protected":false},"excerpt":{"rendered":"<p>&nbsp; Vous souhaitez prendre rendez-vous pour une s\u00e9ance photo ? Vous avez des questions ? N&rsquo;h\u00e9sitez pas \u00e0 me contacter au 06 26 07 18 22 ou par email \u00e0 stephanie.lehu@hotmail.fr Faites-moi part de votre projet et de vos envies [&hellip;]<\/p>\n","protected":false},"author":1,"featured_media":0,"parent":0,"menu_order":0,"comment_status":"closed","ping_status":"closed","template":"","meta":{"footnotes":""},"class_list":["post-51","page","type-page","status-publish","hentry"],"_links":{"self":[{"href":"https:\/\/www.stephanielehu.com\/index.php\/wp-json\/wp\/v2\/pages\/51","targetHints":{"allow":["GET"]}}],"collection":[{"href":"https:\/\/www.stephanielehu.com\/index.php\/wp-json\/wp\/v2\/pages"}],"about":[{"href":"https:\/\/www.stephanielehu.com\/index.php\/wp-json\/wp\/v2\/types\/page"}],"author":[{"embeddable":true,"href":"https:\/\/www.stephanielehu.com\/index.php\/wp-json\/wp\/v2\/users\/1"}],"replies":[{"embeddable":true,"href":"https:\/\/www.stephanielehu.com\/index.php\/wp-json\/wp\/v2\/comments?post=51"}],"version-history":[{"count":37,"href":"https:\/\/www.stephanielehu.com\/index.php\/wp-json\/wp\/v2\/pages\/51\/revisions"}],"predecessor-version":[{"id":969,"href":"https:\/\/www.stephanielehu.com\/index.php\/wp-json\/wp\/v2\/pages\/51\/revisions\/969"}],"wp:attachment":[{"href":"https:\/\/www.stephanielehu.com\/index.php\/wp-json\/wp\/v2\/media?parent=51"}],"curies":[{"name":"wp","href":"https:\/\/api.w.org\/{rel}","templated":true}]}}